{"id":1141,"date":"2020-06-16T15:28:47","date_gmt":"2020-06-16T13:28:47","guid":{"rendered":"http:\/\/parolesdhistoire.fr\/?page_id=1141"},"modified":"2023-11-03T10:13:37","modified_gmt":"2023-11-03T09:13:37","slug":"presentation-bio-bibliographique-dandre-loez","status":"publish","type":"page","link":"https:\/\/parolesdhistoire.fr\/index.php\/presentation-bio-bibliographique-dandre-loez\/","title":{"rendered":"Pr\u00e9sentation bio-bibliographique d&#8217;Andr\u00e9 Loez"},"content":{"rendered":"<p><strong>Pr\u00e9sentation bio-bibliographique d&#8217;Andr\u00e9 Loez<\/strong><\/p>\n<p>Ce podcast est n\u00e9 au croisement de trois terrains d\u2019activit\u00e9 : l\u2019enseignement, la recherche et l\u2019histoire publique. Cette page pr\u00e9sente plus en d\u00e9tail mes activit\u00e9s dans ces trois domaines afin de pr\u00e9ciser \u00ab qui parle \u00bb dans l\u2019\u00e9mission.<\/p>\n<p>Apr\u00e8s un dipl\u00f4me de Sciences-Po Paris (1998) j\u2019ai pass\u00e9 l\u2019agr\u00e9gation d\u2019histoire (2000) et enseign\u00e9 au lyc\u00e9e (jusqu\u2019en 2011) puis en classes pr\u00e9paratoires litt\u00e9raires (hypokh\u00e2gne et depuis 2022 kh\u00e2gne), avec \u00e9galement une charge de cours semestrielle \u00e0 Sciences Po en histoire du XIXe si\u00e8cle. J&#8217;ai \u00e9t\u00e9 membre des jurys de l&#8217;agr\u00e9gation interne et de l&#8217;agr\u00e9gation externe d&#8217;histoire.<\/p>\n<p>Le m\u00e9tier d\u2019enseignant m\u2019a conduit \u00e0 plusieurs travaux ou r\u00e9flexions de nature p\u00e9dagogique, et \u00e0 participer aux <a href=\"https:\/\/enseignants.nathan.fr\/catalogue\/histoire-2de-s-cote-livre-de-l-eleve-9782091728285.html\">manuels de 2<sup>nde<\/sup><\/a> et <a href=\"https:\/\/www.youtube.com\/watch?v=cdTQMBj_mcw\">Terminale<\/a> Nathan (collection S\u00e9bastien Cote). Dans un souci de collaboration entre celles et ceux qui enseignent l\u2019histoire \u00e0 tous les niveaux, j\u2019ai \u00e9galement lanc\u00e9 une <a href=\"https:\/\/docs.google.com\/document\/d\/1tq04PirQvgTrLTssz8ABga_D1egOHjc6xEihCPCS71A\/edit\">liste participative de ressources documentaires<\/a> pour l\u2019enseignement de l\u2019histoire, une <a href=\"https:\/\/docs.google.com\/document\/d\/12qGHMpuN7rQ46sDqDkp7sikan05lu48qKkWbdiee7WA\/edit\">liste participative de films historiques sur le XIXe si\u00e8cle<\/a>, une <a href=\"https:\/\/docs.google.com\/document\/d\/1jPBXwdAbDBKp3Q8fcS3U-_r21swp2ucPsG-Ac4PiE68\/edit\">liste participative de livres d\u2019histoire accessibles<\/a> (\u00e0 des lyc\u00e9en-ne-s ou non-professionnels), et une <a href=\"https:\/\/docs.google.com\/document\/d\/1C_NuEneaWGYWerfD2R0LxAXxF242HHLW25nGwOGg4s8\/edit\">liste participative de documentaires historiques<\/a> visibles en ligne. On trouvera aussi en ligne des \u00e9l\u00e9ments de r\u00e9flexion sur la <a href=\"https:\/\/twitter.com\/andreloez\/status\/1166797870282022912?s=20\">place des ordinateurs dans la salle de classe<\/a>, sur <a href=\"http:\/\/laclassededavidnoel.fr\/2015\/05\/programmes-d-histoire-halte-aux-mensonges-et-aux-fantasmes.html\">l\u2019instrumentalisation des programmes scolaires au nom du \u00ab\u00a0roman national\u00a0\u00bb<\/a>, sur <a href=\"https:\/\/historicophiles.com\/2020\/06\/08\/comment-eviter-que-ton-correcteur-ne-raccroche-des-laccroche\/\">la m\u00e9thode de la dissertation<\/a>, sur le <a href=\"http:\/\/parolesdhistoire.fr\/wp-content\/uploads\/2023\/06\/PLANS-DANS-LES-RAPPORTS-DE-JURYS.pdf\">choix d&#8217;un plan (chronologique ou th\u00e9matique)<\/a> et sur <a href=\"https:\/\/www.liberation.fr\/debats\/2020\/05\/12\/non-a-la-telesurveillance-des-examens_1788119\">la vid\u00e9osurveillance des examens<\/a>.<\/p>\n<p>Ce sch\u00e9ma vise \u00e0 clarifier le choix de plan pour une dissertation:<\/p>\n<p><a href=\"http:\/\/parolesdhistoire.fr\/wp-content\/uploads\/2023\/11\/flowchart-plan-chrono-v2.jpeg\"><img loading=\"lazy\" decoding=\"async\" class=\"aligncenter size-medium wp-image-2448\" src=\"http:\/\/parolesdhistoire.fr\/wp-content\/uploads\/2023\/11\/flowchart-plan-chrono-v2-300x274.jpeg\" alt=\"\" width=\"300\" height=\"274\" srcset=\"https:\/\/parolesdhistoire.fr\/wp-content\/uploads\/2023\/11\/flowchart-plan-chrono-v2-300x274.jpeg 300w, https:\/\/parolesdhistoire.fr\/wp-content\/uploads\/2023\/11\/flowchart-plan-chrono-v2-768x702.jpeg 768w, https:\/\/parolesdhistoire.fr\/wp-content\/uploads\/2023\/11\/flowchart-plan-chrono-v2-1024x936.jpeg 1024w, https:\/\/parolesdhistoire.fr\/wp-content\/uploads\/2023\/11\/flowchart-plan-chrono-v2-1200x1097.jpeg 1200w\" sizes=\"auto, (max-width: 300px) 85vw, 300px\" \/><\/a><\/p>\n<p>J&#8217;ai \u00e9galement r\u00e9alis\u00e9 ou adapt\u00e9 deux sch\u00e9mas permettant de situer l&#8217;histoire publique comme activit\u00e9 et comme type de supports au sein de la profession historienne:<\/p>\n<p>Qu&#8217;est-ce que l&#8217;histoire? (d&#8217;apr\u00e8s Lisa Gilbert)<a href=\"http:\/\/parolesdhistoire.fr\/wp-content\/uploads\/2023\/05\/v4sch\u00e9ma-lisa-gilbert.jpg\"><img loading=\"lazy\" decoding=\"async\" class=\"aligncenter size-thumbnail wp-image-2299\" src=\"http:\/\/parolesdhistoire.fr\/wp-content\/uploads\/2023\/05\/v4sch\u00e9ma-lisa-gilbert-150x150.jpg\" alt=\"\" width=\"150\" height=\"150\" \/><\/a>Typologie des publications historiques<a href=\"http:\/\/parolesdhistoire.fr\/wp-content\/uploads\/2023\/05\/typologie-des-publications-v6.jpg\"><img loading=\"lazy\" decoding=\"async\" class=\"aligncenter wp-image-2303 size-thumbnail\" src=\"http:\/\/parolesdhistoire.fr\/wp-content\/uploads\/2023\/05\/typologie-des-publications-v6-150x150.jpg\" alt=\"\" width=\"150\" height=\"150\" \/><\/a>Du c\u00f4t\u00e9 de la recherche, j\u2019ai avant tout travaill\u00e9 sur les combattants fran\u00e7ais de la Grande Guerre, sujet de mon <a href=\"https:\/\/www.tallandier.com\/livre\/14-18-vivre-et-mourir-dans-les-tranchees\/\">premier livre<\/a> co\u00e9crit avec R\u00e9my Cazals en 2008, mettant en avant les t\u00e9moignages ordinaires par opposition \u00e0 ceux des intellectuels tr\u00e8s souvent cit\u00e9s \u00e0 l\u2019\u00e9poque. Ma th\u00e8se, <em><a href=\"https:\/\/halshs.archives-ouvertes.fr\/tel-01364881\">&#8220;Si cette putain de guerre pouvait finir&#8221; Histoire et sociologie des mutins de 1917<\/a><\/em>, \u00a0a port\u00e9 sur les mutins de 1917 dans l\u2019arm\u00e9e fran\u00e7aise. Soutenue en 2009 sous la direction de Fr\u00e9d\u00e9ric Rousseau \u00e0 Montpellier-III, elle a \u00e9t\u00e9 <a href=\"http:\/\/www.gallimard.fr\/Catalogue\/GALLIMARD\/Folio\/Folio-histoire\/14-18.-Les-refus-de-la-guerre\">publi\u00e9e<\/a> dans une version abr\u00e9g\u00e9e en 2010, et constitue l\u2019aboutissement d\u2019une r\u00e9flexion sur la <a href=\"https:\/\/www.youtube.com\/watch?v=23B5YSdux6c&amp;feature=youtu.be\">place n\u00e9cessaire de l\u2019histoire sociale de la Grande Guerre<\/a>, face aux probl\u00e8mes pos\u00e9s par l\u2019histoire culturelle et certains de ses concepts simplificateurs que j\u2019ai cherch\u00e9 avec d\u2019autres, au sein du Crid 14-18 en particulier, \u00e0 <a href=\"https:\/\/laviedesidees.fr\/1914-1918-retrouver-la-controverse.html\">remettre en cause<\/a> (\u00ab\u00a0culture de guerre\u00a0\u00bb, \u00ab\u00a0consentement\u00a0\u00bb, brutalisation\u00a0\u00bb). Ce travail sur la t\u00e9nacit\u00e9 combattante, ponctu\u00e9 par un <a href=\"https:\/\/www.cairn.info\/obeir-et-desobeir--9782707156198.htm\">colloque publi\u00e9 en 2008<\/a>, a \u00e9galement d\u00e9bouch\u00e9 sur une <a href=\"https:\/\/encyclopedia.1914-1918-online.net\/article\/between_acceptance_and_refusal_-_soldiers_attitudes_towards_war\">synth\u00e8se en anglais sur la question<\/a>, ainsi qu\u2019\u00e0 la codirection du num\u00e9ro de la revue Agone <em><a href=\"https:\/\/www.cairn.info\/revue-agone-2014-1-page-7.htm\">L\u2019ordinaire de la guerre<\/a><\/em>, issue d\u2019un <a href=\"http:\/\/nicolas.mariot.cnrs.free.fr\/hoprubrique.php?id_rub=32\">s\u00e9minaire de recherche<\/a> coaim\u00e9 plusieurs ann\u00e9es durant avec Nicolas Mariot, Fran\u00e7ois Buton et Philippe Olivera. Le travail sur la Grande guerre, \u00e9galement men\u00e9 au sein de la Mission du Centenaire, a conduit \u00e0 plusieurs livres de vulgarisation\u00a0: une <a href=\"https:\/\/www.editionsladecouverte.fr\/catalogue\/index-La_Grande_Guerre-9782707182074.html\">synth\u00e8se<\/a>, un <a href=\"https:\/\/www.puf.com\/content\/Les_100_mots_de_la_Grande_Guerre\">ab\u00e9c\u00e9daire<\/a>, et un <a href=\"https:\/\/www.albin-michel.fr\/ouvrages\/la-grande-guerre-9782226251497\">ouvrage illustr\u00e9<\/a> (co\u00e9crit avec Nicolas Offenstadt). J&#8217;ai r\u00e9cemment dirig\u00e9 un volume de synth\u00e8se illustr\u00e9 sur les <em><a href=\"https:\/\/passes-composes.com\/book\/274\">Mondes en guerre (1870-1945)<\/a><\/em>. On trouvera <a href=\"https:\/\/halshs.archives-ouvertes.fr\/search\/index\/q\/*\/authFullName_s\/Andr%C3%A9+Loez\">en ligne sur HAL-SHS certains de ces textes<\/a>.<\/p>\n<p>Cette activit\u00e9 autour de 1914-1918 a aussi une dimension d\u2019histoire publique\u00a0: <a href=\"https:\/\/www.vie-publique.fr\/rapport\/33530-quelle-memoire-pour-les-fusilles-de-1914-1918-un-point-de-vue-historie\">contribution au rapport de la commission Prost sur les fusill\u00e9s<\/a>, <a href=\"https:\/\/www.centenaire.org\/fr\/espace-scientifique\/les-caracteristiques-des-mutineries-francaises-de-1917\">synth\u00e8se sur les mutineries<\/a> pour la mission du centenaire, participation comme commentateur \u00e0 la c\u00e9r\u00e9monie du 11 novembre 2018, participation comme conseiller historique (ponctu\u00e9e par des d\u00e9saccords croissants avec les r\u00e9alisateurs et producteurs) \u00e0 la s\u00e9rie documentaire <a href=\"https:\/\/fr.wikipedia.org\/wiki\/Apocalypse,_la_Premi%C3%A8re_Guerre_mondiale\">Apocalypse<\/a>, coordination de hors-s\u00e9ries 1914-1918 pour les journaux <a href=\"https:\/\/www.lemonde.fr\/a-la-une\/article\/2014\/03\/10\/aout-1914-les-civils-dans-la-tourmente_4380545_3208.html\">Le Monde<\/a> et <a href=\"http:\/\/le1hebdo.fr\/nl\/newsletter\/hors-srie-1917-le-temps-des-mutineries-145-0.html\">Le 1<\/a>.<\/p>\n<p>Au-del\u00e0 de la Grande Guerre, les usages et m\u00e9susages publics de l\u2019histoire m\u2019ont conduit \u00e0 prendre par moments des positions dans l\u2019espace public\u00a0: <a href=\"https:\/\/www.nouvelobs.com\/rue89\/rue89-parti-pris\/20151029.RUE1130\/republier-mein-kampf-oui-mais-en-ligne.html\">contre la r\u00e9\u00e9dition \u00ab\u00a0papier\u00a0\u00bb de <em>Mein Kampf<\/em><\/a>, <a href=\"https:\/\/bibliobs.nouvelobs.com\/actualites\/20180104.OBS0154\/celine-gallimard-et-le-choix-de-l-antisemitisme.html\">contre la r\u00e9\u00e9dition des pamphlets antis\u00e9mites de C\u00e9line<\/a>, contre la <a href=\"https:\/\/twitter.com\/andreloez\/status\/959464736432803840\">pr\u00e9sence de Maurras et Chardonne<\/a> dans le livre des comm\u00e9morations nationales, et plus largement <a href=\"https:\/\/www.liberation.fr\/debats\/2018\/02\/02\/il-existe-un-voyeurisme-autour-du-nazisme-et-de-la-collaboration_1626734\">contre les usages voyeuristes du pass\u00e9 nazi ou vichyste<\/a>. J&#8217;ai particip\u00e9 \u00e0 une <a href=\"https:\/\/devhist.hypotheses.org\/3921\">controverse publique avec quatre \u00e9conomistes suite \u00e0 leur travail de recherche erron\u00e9<\/a> les ayant conduit \u00e0 pr\u00e9senter un lien statistique entre Verdun et Vichy, et r\u00e9cemment publi\u00e9 une tribune appelant \u00e0 <a href=\"https:\/\/www.lemonde.fr\/idees\/article\/2021\/05\/18\/presidentielle-2022-avec-un-electorat-vieillissant-miser-sur-le-passe-et-flatter-les-nostalgies-peut-relever-du-calcul-electoral_6080550_3232.html\">diminuer la place de l&#8217;histoire dans la campagne pr\u00e9sidentielle de 2022<\/a>.<\/p>\n<p>L\u2019histoire publique, c\u2019est \u00e9galement le travail r\u00e9gulier de recension des parutions dans le <em>Monde des Livres<\/em>, avec des coups de c\u0153ur (livres de <a href=\"https:\/\/www.lemonde.fr\/livres\/article\/2017\/02\/16\/sur-la-piste-du-roi-medecin_5080444_3260.html\">Guillaume Lachenal<\/a>, <a href=\"https:\/\/www.lemonde.fr\/livres\/article\/2020\/02\/29\/un-monde-en-negre-et-blanc-d-aurelia-michel-le-racisme-plus-de-500-ans-et-toutes-ses-dents_6031346_3260.html\">Aur\u00e9lia Michel<\/a>, <a href=\"https:\/\/www.lemonde.fr\/livres\/article\/2018\/10\/04\/jacques-revel-et-etienne-anheim-historiens-enthousiastes_5364320_3260.html\">Etienne Anheim<\/a>, <a href=\"https:\/\/www.lemonde.fr\/livres\/article\/2019\/07\/04\/penser-l-evenement-1940-1945-et-la-lutte-clandestine-en-france-la-resistance-a-sa-juste-place-historique_5485338_3260.html\">Pierre Laborie<\/a>, <a href=\"https:\/\/www.lemonde.fr\/livres\/article\/2018\/03\/08\/mai-68-la-petite-bibliotheque_5267385_3260.html\">Ludivine Bantigny<\/a>, <a href=\"https:\/\/www.lemonde.fr\/livres\/article\/2017\/02\/16\/temoin-de-la-debacle_5080468_3260.html\">Alexander Werth<\/a>, <a href=\"https:\/\/www.lemonde.fr\/livres\/article\/2017\/06\/01\/ignominie-ordinaire-du-delateur-parisien_5137006_3260.html\">Laurent Joly<\/a>\u2026), des portraits (<a href=\"https:\/\/www.lemonde.fr\/livres\/article\/2019\/11\/16\/antoine-prost-transformer-en-histoire-la-demande-de-memoire-de-nos-contemporains_6019444_3260.html\">Antoine Prost<\/a>, <a href=\"https:\/\/www.lemonde.fr\/livres\/article\/2018\/09\/30\/historienne-et-feministe-mary-beard-n-a-pas-le-latin-dans-sa-poche_5362300_3260.html\">Mary Beard<\/a>, <a href=\"https:\/\/www.lemonde.fr\/disparitions\/article\/2022\/03\/25\/la-mort-de-l-historien-jacques-rougerie-specialiste-de-la-commune-de-paris_6119149_3382.html\">Jacques Rougerie<\/a>), et des critiques (<a href=\"https:\/\/www.lemonde.fr\/livres\/article\/2014\/02\/26\/memoire-resistante_4370046_3260.html\">livre de C. Barbier sur les Gli\u00e8res<\/a>, <a href=\"https:\/\/www.lemonde.fr\/livres\/article\/2018\/09\/20\/une-biographie-d-hitler-malavisee_5357641_3260.html\">biographie d\u2019Hitler<\/a> par C. Ingrao et J. Chapoutot assortie de <a href=\"https:\/\/www.lemonde.fr\/livres\/article\/2018\/09\/26\/une-reponse-aux-auteurs-de-la-biographie-d-hitler-aux-puf_5360467_3260.html\">commentaires<\/a> suite \u00e0 la controverse suscit\u00e9e par ce compte-rendu). En dehors du suppl\u00e9ment, trois textes critiques qui me tiennent \u00e0 coeur: sur la <a href=\"https:\/\/aoc.media\/critique\/2018\/05\/04\/sociologie-relation-a-linconscient\/\">sociologie des r\u00eaves de Bernard Lahire<\/a>, sur <a href=\"https:\/\/laviedesidees.fr\/Claire-Andrieu-Tombes-du-ciel.html\">Claire Andrieu<\/a>, <a href=\"https:\/\/twitter.com\/andreloez\/status\/1600239657572126720\">sur le &#8220;Linguistic turn&#8221;<\/a>.<\/p>\n<p>Ma pr\u00e9sence sur les r\u00e9seaux sociaux me conduit parfois \u00e0 proposer de brefs \u00e9clairages du point de vue historien, sur <a href=\"https:\/\/twitter.com\/andreloez\/status\/844129124436402176?s=20\">George Orwell<\/a>, <a href=\"https:\/\/twitter.com\/andreloez\/status\/1269952613228912641?s=20\">Churchill<\/a>, la <a href=\"https:\/\/twitter.com\/andreloez\/status\/852785372366987265?s=20\">(non) r\u00e9habilitation des fusill\u00e9s<\/a>, les <a href=\"https:\/\/twitter.com\/andreloez\/status\/839029093949657088?s=20\">mutineries de 1917<\/a>, <a href=\"https:\/\/twitter.com\/andreloez\/status\/1019906713615503362?s=20\">les romans de Patrick O\u2019Brian<\/a>, les <a href=\"https:\/\/twitter.com\/andreloez\/status\/1634492725906087936?s=20\">probl\u00e8mes pos\u00e9s par un podcast de France Inter niant la torture de J.-M. Le Pen en Alg\u00e9rie<\/a>&#8230; L\u2019int\u00e9r\u00eat pour la fiction historique, sensible dans la rubrique \u00ab <a href=\"http:\/\/parolesdhistoire.fr\/index.php\/films-series\/\">films et s\u00e9ries\u00a0\u00bb du podcast,<\/a> m\u2019a aussi conduit \u00e0 commenter au micro d\u2019autres \u00e9missions les films <a href=\"https:\/\/soundcloud.com\/zqsd-1\/s01e04-1917-avec-andre-loez\">1917<\/a> et <a href=\"https:\/\/www.irsem.fr\/le-collimateur\/dans-le-bunker-30-glory-d-edward-zwick-1989-07-05-2020.html\">Glory<\/a> et la s\u00e9rie <a href=\"https:\/\/www.youtube.com\/watch?v=QRlKgCFkvA0\">The Americans<\/a>.<\/p>\n<p>En d\u00e9cembre 2022 j&#8217;ai r\u00e9alis\u00e9 un <a href=\"https:\/\/threadreaderapp.com\/thread\/1598247513831923712.html\">&#8220;calendrier de l&#8217;avent des controverses historiographiques&#8221;<\/a> pour pr\u00e9senter 24 discussions marquantes, sur le fond ou la forme, pour la discipline.<\/p>\n<p>Andr\u00e9 Loez (mise \u00e0 jour octobre 2023)<\/p>\n<p>&nbsp;<\/p>\n","protected":false},"excerpt":{"rendered":"<p>Pr\u00e9sentation bio-bibliographique d&#8217;Andr\u00e9 Loez Ce podcast est n\u00e9 au croisement de trois terrains d\u2019activit\u00e9 : l\u2019enseignement, la recherche et l\u2019histoire publique. Cette page pr\u00e9sente plus en d\u00e9tail mes activit\u00e9s dans ces trois domaines afin de pr\u00e9ciser \u00ab qui parle \u00bb dans l\u2019\u00e9mission. Apr\u00e8s un dipl\u00f4me de Sciences-Po Paris (1998) j\u2019ai pass\u00e9 l\u2019agr\u00e9gation d\u2019histoire (2000) et &hellip; <a href=\"https:\/\/parolesdhistoire.fr\/index.php\/presentation-bio-bibliographique-dandre-loez\/\" class=\"more-link\">Continue reading<span class=\"screen-reader-text\"> &#8220;Pr\u00e9sentation bio-bibliographique d&#8217;Andr\u00e9 Loez&#8221;<\/span><\/a><\/p>\n","protected":false},"author":1,"featured_media":0,"parent":0,"menu_order":0,"comment_status":"closed","ping_status":"closed","template":"","meta":{"footnotes":""},"class_list":["post-1141","page","type-page","status-publish","hentry"],"_links":{"self":[{"href":"https:\/\/parolesdhistoire.fr\/index.php\/wp-json\/wp\/v2\/pages\/1141","targetHints":{"allow":["GET"]}}],"collection":[{"href":"https:\/\/parolesdhistoire.fr\/index.php\/wp-json\/wp\/v2\/pages"}],"about":[{"href":"https:\/\/parolesdhistoire.fr\/index.php\/wp-json\/wp\/v2\/types\/page"}],"author":[{"embeddable":true,"href":"https:\/\/parolesdhistoire.fr\/index.php\/wp-json\/wp\/v2\/users\/1"}],"replies":[{"embeddable":true,"href":"https:\/\/parolesdhistoire.fr\/index.php\/wp-json\/wp\/v2\/comments?post=1141"}],"version-history":[{"count":15,"href":"https:\/\/parolesdhistoire.fr\/index.php\/wp-json\/wp\/v2\/pages\/1141\/revisions"}],"predecessor-version":[{"id":2450,"href":"https:\/\/parolesdhistoire.fr\/index.php\/wp-json\/wp\/v2\/pages\/1141\/revisions\/2450"}],"wp:attachment":[{"href":"https:\/\/parolesdhistoire.fr\/index.php\/wp-json\/wp\/v2\/media?parent=1141"}],"curies":[{"name":"wp","href":"https:\/\/api.w.org\/{rel}","templated":true}]}}