{"id":574,"date":"2019-06-19T17:15:57","date_gmt":"2019-06-19T15:15:57","guid":{"rendered":"http:\/\/parolesdhistoire.fr\/?page_id=574"},"modified":"2025-03-24T18:05:08","modified_gmt":"2025-03-24T17:05:08","slug":"ressources-pedagogiques","status":"publish","type":"page","link":"https:\/\/parolesdhistoire.fr\/index.php\/ressources-pedagogiques\/","title":{"rendered":"Ressources p\u00e9dagogiques"},"content":{"rendered":"<p>Bienvenue sur la page des ressources p\u00e9dagogiques:\u00a0 une liste des \u00e9missions par niveau d\u2019enseignement, pour nourrir des cours, donner des id\u00e9es de lecture, fournir des exemples, faire r\u00e9fl\u00e9chir aux programmes ou aux rapports entre pass\u00e9 et pr\u00e9sent\u2026 Les \u00e9missions marqu\u00e9es d\u2019un (*) ont \u00e9t\u00e9 sp\u00e9cifiquement enregistr\u00e9es pour les enseignant-e-s.<\/p>\n<p><strong>Programmes, manuels, enseignement, enjeux civiques<\/strong><\/p>\n<ul>\n<li><a href=\"http:\/\/parolesdhistoire.fr\/index.php\/2018\/05\/09\/ep-5-sur-lenseignement-de-lhistoire-avec-laurence-de-cock\/\">L\u2019enseignement de l\u2019histoire en France depuis le XIXe si\u00e8cle<\/a><\/li>\n<li><a href=\"http:\/\/parolesdhistoire.fr\/index.php\/2019\/06\/05\/56-quelle-histoire-dans-les-manuels-scolaires-avec-sebastien-cote-carole-greffrath-et-emmanuelle-picard\/\">La fabrication des manuels, les enjeux des programmes scolaires*<\/a><\/li>\n<li><a href=\"http:\/\/parolesdhistoire.fr\/index.php\/2019\/03\/27\/46-lhistoire-comme-emancipation-avec-laurence-de-cock-mathilde-larrere-et-guillaume-mazeau\/\">L\u2019histoire comme \u00e9mancipation<\/a><\/li>\n<li><a href=\"http:\/\/parolesdhistoire.fr\/index.php\/2018\/10\/03\/22-histoire-populaire-de-la-france-avec-gerard-noiriel-et-philippe-olivera\/\">Histoire populaire de la France<\/a><\/li>\n<\/ul>\n<p><strong>Sixi\u00e8me<\/strong><\/p>\n<ul>\n<li><a href=\"http:\/\/parolesdhistoire.fr\/index.php\/2018\/10\/10\/23-le-neolithique-avec-jean-paul-demoule\/\">Le n\u00e9olithique<\/a><\/li>\n<li><a href=\"http:\/\/parolesdhistoire.fr\/index.php\/2019\/10\/02\/75-numismatique-antique-avec-anthony-hostein\/\">La monnaie dans l&#8217;antiquit\u00e9<\/a><\/li>\n<\/ul>\n<p><strong>Cinqui\u00e8me<\/strong><\/p>\n<ul>\n<li><a href=\"http:\/\/parolesdhistoire.fr\/index.php\/2019\/05\/08\/52-lesclavage-medieval-avec-sandrine-victor\/\">Servage et esclavage au Moyen \u00e2ge<\/a><\/li>\n<li><a href=\"http:\/\/parolesdhistoire.fr\/index.php\/2024\/10\/10\/351-un-renversant-manuscrit-medieval-avec-pierre-olivier-dittmar-et-maud-perez-simon\/\">Un manuscrit m\u00e9di\u00e9val plein de monstres<\/a><\/li>\n<li><a href=\"http:\/\/parolesdhistoire.fr\/index.php\/2018\/08\/31\/17-condamner-a-mort-au-moyen-age-avec-claude-gauvard\/\">La justice, instrument de l\u2019\u00c9tat monarchique \u00e0 la fin du Moyen \u00e2ge<\/a><\/li>\n<li><a href=\"http:\/\/parolesdhistoire.fr\/index.php\/2019\/06\/05\/57-historiographie-de-letat-a-lepoque-moderne-avec-igor-moullier\/\">L\u2019absolutisme monarchique en question*<\/a><\/li>\n<\/ul>\n<p><strong>Quatri\u00e8me<\/strong><\/p>\n<ul>\n<li><a href=\"http:\/\/parolesdhistoire.fr\/index.php\/2019\/05\/29\/55-pascoa-et-son-proces-une-esclave-entre-afrique-et-bresil-au-xviie-siecle-avec-charlotte-de-castelnau-lestoile\/\">La traite atlantique portugaise au XVIIe si\u00e8cle<\/a><\/li>\n<li><a href=\"http:\/\/parolesdhistoire.fr\/index.php\/2025\/03\/02\/370-marseille-devastee-par-la-peste-1720-1722-avec-frederic-jacquin\/\">La peste \u00e0 Marseille en 1720<\/a><\/li>\n<li><a href=\"http:\/\/parolesdhistoire.fr\/index.php\/2020\/02\/12\/89-lesclavage-et-ses-heritages-avec-aurelia-michel\/\">L&#8217;esclavage dans la longue dur\u00e9e de l&#8217;histoire<\/a><\/li>\n<li><a href=\"http:\/\/parolesdhistoire.fr\/index.php\/2019\/03\/06\/42-lopposition-aux-vaccins-xviiie-xixe-s-avec-laurent-henri-vignaud\/\">Essor des sciences et vaccination aux XVIIIe-XIXe s.<\/a><\/li>\n<li><a href=\"http:\/\/parolesdhistoire.fr\/index.php\/2018\/05\/16\/6-ouvriers-britanniques-a-paris-au-xixe-s-avec-fabrice-bensimon\/\">Ouvriers britanniques \u00e0 Paris au XIXe s.<\/a><\/li>\n<li><a href=\"http:\/\/parolesdhistoire.fr\/index.php\/2019\/03\/13\/43-linternationalisme-ouvrier-au-xixe-siecle-avec-nicolas-delalande\/\">Solidarit\u00e9s ouvri\u00e8res au temps de l\u2019industrialisation<\/a><\/li>\n<li><a href=\"http:\/\/parolesdhistoire.fr\/index.php\/2018\/09\/07\/18-festival-1848-des-peuples-en-revolution-avec-romain-duplan-et-mathilde-larrere\/\">Autour de 1848<\/a><\/li>\n<li><a href=\"http:\/\/parolesdhistoire.fr\/index.php\/2019\/06\/19\/59-revisiter-la-iiie-republique-avec-mathieu-marly\/\">Revisiter la IIIe R\u00e9publique*<\/a><\/li>\n<li><a href=\"http:\/\/parolesdhistoire.fr\/index.php\/2019\/06\/12\/58-liconoclasme-politique-au-xixe-siecle-avec-emmanuel-fureix\/\">Iconoclasme politique au XIXe si\u00e8cle<\/a><\/li>\n<\/ul>\n<p><strong>Troisi\u00e8me<\/strong><\/p>\n<ul>\n<li><a href=\"http:\/\/parolesdhistoire.fr\/index.php\/2018\/10\/17\/25-soldats-indiens-de-la-grande-guerre-avec-claude-markovits\/\">Soldats indiens de la Grande Guerre<\/a><\/li>\n<li><a href=\"http:\/\/parolesdhistoire.fr\/index.php\/2018\/11\/07\/28-le-centenaire-de-la-grande-guerre-vu-dallemagne-avec-arndt-weinrich\/\">La Grande Guerre vue d\u2019Allemagne<\/a><\/li>\n<li><a href=\"http:\/\/parolesdhistoire.fr\/index.php\/2023\/09\/15\/299-verdun-bataille-monstre-avec-michael-bourlet-le-fil-de-lepee-1-avec-alexandre-jubelin\/\">La bataille de Verdun<\/a><\/li>\n<li><a href=\"http:\/\/parolesdhistoire.fr\/index.php\/2019\/01\/30\/37-revoir-le-dernier-metro-avec-alya-aglan\/\">Cin\u00e9ma et histoire\u00a0: le Dernier m\u00e9tro<\/a><\/li>\n<li><a href=\"http:\/\/parolesdhistoire.fr\/index.php\/2018\/11\/14\/29-revoir-la-grande-illusion-avec-evelyne-gayme\/\">Cin\u00e9ma et histoire\u00a0: la Grande illusion<\/a><\/li>\n<li><a href=\"http:\/\/parolesdhistoire.fr\/index.php\/2018\/10\/31\/27-persecution-et-survie-des-juifs-sous-vichy-avec-laurent-joly-et-jacques-semelin-31-oct\/\">Survie et d\u00e9portation des juifs sous Vichy<\/a><\/li>\n<li><a href=\"http:\/\/parolesdhistoire.fr\/index.php\/2019\/07\/17\/69-pierre-laborie-et-lhistoriographie-de-la-resistance-avec-cecile-vast\/\">L&#8217;historiographie de la R\u00e9sistance<\/a><\/li>\n<li><a href=\"http:\/\/parolesdhistoire.fr\/index.php\/2018\/05\/30\/9-lepuration-avec-fabrice-virgili\/\">L\u2019\u00e9puration \u00e0 la fin de la Seconde Guerre mondiale<\/a><\/li>\n<li><a href=\"http:\/\/parolesdhistoire.fr\/index.php\/2019\/01\/23\/36-super-heros-une-histoire-politique-avec-william-blanc\/\">Les super-h\u00e9ros et l\u2019histoire de la superpuissance am\u00e9ricaine<\/a><\/li>\n<li><a href=\"http:\/\/parolesdhistoire.fr\/index.php\/2019\/04\/17\/50-sport-et-creation-artistique-a-lepoque-sovietique-avec-julie-deschepper-et-sylvain-dufraisse\/\">Sport et culture \u00e0 l\u2019\u00e9poque sovi\u00e9tique<\/a><\/li>\n<li><a href=\"http:\/\/parolesdhistoire.fr\/index.php\/2023\/10\/09\/304-la-guerre-froide-sportive-avec-sylvain-dufraisse\/\">Sport et guerre froide<\/a><\/li>\n<li><a href=\"http:\/\/parolesdhistoire.fr\/index.php\/2019\/09\/04\/71-ecrire-la-biographie-de-charles-de-gaulle-avec-julian-jackson\/\">Charles de Gaulle<\/a><\/li>\n<li><a href=\"http:\/\/parolesdhistoire.fr\/index.php\/2023\/10\/02\/302-oppenheimer-c-nolan-2023-avec-lucie-genay-et-yannick-pince\/\">Oppenheimer<\/a><\/li>\n<li><a href=\"http:\/\/parolesdhistoire.fr\/index.php\/2019\/01\/16\/35-contraception-interdite-dans-la-france-des-annees-1950-avec-daniele-voldman-et-annette-wieviorka\/\">La difficile mise en place de la contraception en France dans les ann\u00e9es 1950-1960<\/a><\/li>\n<li><a href=\"http:\/\/parolesdhistoire.fr\/index.php\/2018\/04\/13\/autour-de-mai-68-avec-ludivine-bantigny-ep-1\/\">Mai-juin 1968 en France<\/a><\/li>\n<li><a href=\"http:\/\/parolesdhistoire.fr\/index.php\/2018\/06\/20\/13-radio-lorraine-coeur-dacier-avec-ingrid-hayes\/\">Crise et d\u00e9sindustrialisation \u00e0 la fin des ann\u00e9es 1970<\/a><\/li>\n<\/ul>\n<p><strong>Seconde (programmes 2019)<\/strong><\/p>\n<ul>\n<li><a href=\"http:\/\/parolesdhistoire.fr\/index.php\/2019\/10\/02\/75-numismatique-antique-avec-anthony-hostein\/\">Monnaies antiques, christianisme dans l&#8217;empire romain<\/a><\/li>\n<li><a href=\"http:\/\/parolesdhistoire.fr\/index.php\/2019\/11\/27\/82-derniers-siecles-romains-avec-claire-sotinel\/\">Constantin, fin de l&#8217;empire romain<\/a><\/li>\n<li><a href=\"http:\/\/parolesdhistoire.fr\/index.php\/2018\/12\/12\/33-imprimerie-et-imprimeurs-a-venise-a-la-fin-du-moyen-age-avec-catherine-kikuchi\/\">Humanisme et imprimerie \u00e0 Venise XVe-XVIe si\u00e8cle<\/a><\/li>\n<li><a href=\"http:\/\/parolesdhistoire.fr\/index.php\/2019\/05\/29\/55-pascoa-et-son-proces-une-esclave-entre-afrique-et-bresil-au-xviie-siecle-avec-charlotte-de-castelnau-lestoile\/\">La traite portugaise au XVIIe si\u00e8cle<\/a><\/li>\n<li><a href=\"http:\/\/parolesdhistoire.fr\/index.php\/2020\/02\/12\/89-lesclavage-et-ses-heritages-avec-aurelia-michel\/\">L&#8217;esclavage dans la longue dur\u00e9e de l&#8217;histoire<\/a><\/li>\n<li><a href=\"http:\/\/parolesdhistoire.fr\/index.php\/2024\/04\/28\/333-grossesses-et-avortements-sous-lancien-regime-avec-laura-tatoueix\/\">Grossesses et avortements sous l&#8217;Ancien r\u00e9gime<\/a><\/li>\n<li><a href=\"http:\/\/parolesdhistoire.fr\/index.php\/2019\/06\/05\/57-historiographie-de-letat-a-lepoque-moderne-avec-igor-moullier\/\">L\u2019\u00c9tat en France et en Grande-Bretagne \u00e0 l\u2019\u00e9poque moderne*<\/a><\/li>\n<li><a href=\"http:\/\/parolesdhistoire.fr\/index.php\/2024\/10\/20\/353-la-chasse-aux-protestants-sous-louis-xiv-avec-pierre-benoit-roumagnou\/\">Louis XIV contre les protestants<\/a><\/li>\n<li><a href=\"http:\/\/parolesdhistoire.fr\/index.php\/2025\/03\/02\/370-marseille-devastee-par-la-peste-1720-1722-avec-frederic-jacquin\/\">La peste \u00e0 Marseille en 1720<\/a><\/li>\n<li><a href=\"http:\/\/parolesdhistoire.fr\/index.php\/2019\/09\/25\/74-mediterranee-medievale-et-festival-secousse-1099-avec-florian-besson-et-iris-pupella-nogues\/\">M\u00e9diterran\u00e9e m\u00e9di\u00e9vale*<\/a><\/li>\n<\/ul>\n<p><strong>Premi\u00e8re (programmes 2019)<\/strong><\/p>\n<ul>\n<li><a href=\"http:\/\/parolesdhistoire.fr\/index.php\/2018\/07\/04\/15-femmes-et-prostitution-durant-la-revolution-avec-clyde-plumauzille\/\">La prostitution sous la R\u00e9volution fran\u00e7aise<\/a><\/li>\n<li><a href=\"http:\/\/parolesdhistoire.fr\/index.php\/2024\/07\/09\/346-thermidor-avec-colin-jones\/\">Thermidor<\/a><\/li>\n<li><a href=\"http:\/\/parolesdhistoire.fr\/index.php\/2025\/03\/15\/371-les-jacobins-du-mythe-a-lhistoire-avec-come-simien-et-guillaume-roubaud-quashie\/\">Les Jacobins<\/a><\/li>\n<li><a href=\"http:\/\/parolesdhistoire.fr\/index.php\/2019\/06\/26\/62-la-construction-des-nations-au-xixe-siecle-avec-pierre-marie-delpu\/\">La construction des nations en Europe de 1814 \u00e0 1870*<\/a><\/li>\n<li><a href=\"http:\/\/parolesdhistoire.fr\/index.php\/2019\/06\/26\/63-un-autre-risorgimento-litalie-du-sud-au-premier-xixe-siecle-avec-pierre-marie-delpu\/\">L&#8217;Italie du sud au XIXe si\u00e8cle<\/a><\/li>\n<li><a href=\"http:\/\/parolesdhistoire.fr\/index.php\/2018\/05\/16\/6-ouvriers-britanniques-a-paris-au-xixe-s-avec-fabrice-bensimon\/\">Ouvriers britanniques \u00e0 Paris au XIXe s.<\/a><\/li>\n<li><a href=\"http:\/\/parolesdhistoire.fr\/index.php\/2019\/03\/13\/43-linternationalisme-ouvrier-au-xixe-siecle-avec-nicolas-delalande\/\">Solidarit\u00e9s ouvri\u00e8res au temps de l\u2019industrialisation<\/a><\/li>\n<li><a href=\"http:\/\/parolesdhistoire.fr\/index.php\/2018\/09\/07\/18-festival-1848-des-peuples-en-revolution-avec-romain-duplan-et-mathilde-larrere\/\">Autour de 1848<\/a><\/li>\n<li><a href=\"http:\/\/parolesdhistoire.fr\/index.php\/2019\/06\/19\/59-revisiter-la-iiie-republique-avec-mathieu-marly\/\">Revisiter la IIIe R\u00e9publique*<\/a><\/li>\n<li><a href=\"http:\/\/parolesdhistoire.fr\/index.php\/2019\/06\/12\/58-liconoclasme-politique-au-xixe-siecle-avec-emmanuel-fureix\/\">Iconoclasme politique au XIXe si\u00e8cle<\/a><\/li>\n<li><a href=\"http:\/\/parolesdhistoire.fr\/index.php\/2018\/11\/07\/28-le-centenaire-de-la-grande-guerre-vu-dallemagne-avec-arndt-weinrich\/\">La Grande Guerre vue d\u2019Allemagne<\/a><\/li>\n<li><a href=\"http:\/\/parolesdhistoire.fr\/index.php\/2018\/10\/17\/25-soldats-indiens-de-la-grande-guerre-avec-claude-markovits\/\">Soldats indiens de la Grande Guerre<\/a><\/li>\n<li><a href=\"http:\/\/parolesdhistoire.fr\/index.php\/2025\/01\/26\/365-quand-le-fascisme-italien-sinstallait-a-marseille-avec-stephane-mourlane\/\">Le fascisme \u00e0 Marseille dans l&#8217;entre-deux-guerres<\/a><\/li>\n<\/ul>\n<p><strong>Terminale (programmes actuels)<\/strong><\/p>\n<ul>\n<li><a href=\"http:\/\/parolesdhistoire.fr\/index.php\/2018\/04\/21\/2-les-socialistes-dans-lalgerie-coloniale-avec-claire-marynower\/\">L\u2019Alg\u00e9rie coloniale<\/a><\/li>\n<li><a href=\"http:\/\/parolesdhistoire.fr\/index.php\/2019\/09\/04\/71-ecrire-la-biographie-de-charles-de-gaulle-avec-julian-jackson\/\">Charles de Gaulle<\/a><\/li>\n<li><a href=\"http:\/\/parolesdhistoire.fr\/index.php\/2019\/01\/16\/35-contraception-interdite-dans-la-france-des-annees-1950-avec-daniele-voldman-et-annette-wieviorka\/\">La difficile mise en place de la contraception en France dans les ann\u00e9es 1950-1960<\/a><\/li>\n<li><a href=\"http:\/\/parolesdhistoire.fr\/index.php\/2018\/04\/13\/autour-de-mai-68-avec-ludivine-bantigny-ep-1\/\">Mai-juin 1968 en France<\/a><\/li>\n<li><a href=\"http:\/\/parolesdhistoire.fr\/index.php\/2018\/05\/30\/9-lepuration-avec-fabrice-virgili\/\">L\u2019\u00e9puration et sa m\u00e9moire<\/a><\/li>\n<li><a href=\"http:\/\/parolesdhistoire.fr\/index.php\/2019\/07\/17\/69-pierre-laborie-et-lhistoriographie-de-la-resistance-avec-cecile-vast\/\">L&#8217;historiographie de la R\u00e9sistance<\/a><\/li>\n<li><a href=\"http:\/\/parolesdhistoire.fr\/index.php\/2023\/10\/02\/302-oppenheimer-c-nolan-2023-avec-lucie-genay-et-yannick-pince\/\">Oppenheimer<\/a><\/li>\n<li><a href=\"http:\/\/parolesdhistoire.fr\/index.php\/2025\/01\/03\/363-jimmy-carter-dans-la-tourmente-des-annees-1970\/\">Jimmy Carter et les ann\u00e9es 1970<\/a><\/li>\n<li><a href=\"http:\/\/parolesdhistoire.fr\/index.php\/2023\/12\/04\/311-la-revolution-des-oeillets-au-portugal-avec-victor-pereira\/\">La r\u00e9volution des \u0153illets au Portugal<\/a><\/li>\n<li><a href=\"http:\/\/parolesdhistoire.fr\/index.php\/2023\/10\/09\/304-la-guerre-froide-sportive-avec-sylvain-dufraisse\/\">Sport et guerre froide<\/a><\/li>\n<\/ul>\n<p><strong>Seconde professionnelle<\/strong><\/p>\n<ul>\n<li><a href=\"http:\/\/parolesdhistoire.fr\/index.php\/2019\/05\/29\/55-pascoa-et-son-proces-une-esclave-entre-afrique-et-bresil-au-xviie-siecle-avec-charlotte-de-castelnau-lestoile\/\">L&#8217;esclavage dans l&#8217;empire portugais au XVIIe si\u00e8cle<\/a><\/li>\n<li><a href=\"http:\/\/parolesdhistoire.fr\/index.php\/2018\/07\/11\/16-hamilton-lhistoire-de-la-revolution-americaine-en-musique-et-sur-scene\/\">Hamilton, la R\u00e9volution am\u00e9ricaine en musique et sur sc\u00e8ne<\/a><\/li>\n<li><a href=\"http:\/\/parolesdhistoire.fr\/index.php\/2018\/07\/04\/15-femmes-et-prostitution-durant-la-revolution-avec-clyde-plumauzille\/\">Prostitution et r\u00e9volution<\/a><\/li>\n<li><a href=\"http:\/\/parolesdhistoire.fr\/index.php\/2018\/05\/16\/6-ouvriers-britanniques-a-paris-au-xixe-s-avec-fabrice-bensimon\/\">Des ouvriers britanniques \u00e0 Paris au XIXe si\u00e8cle<\/a><\/li>\n<\/ul>\n<p><strong>CAP<\/strong><\/p>\n<ul>\n<li><a href=\"http:\/\/parolesdhistoire.fr\/index.php\/2019\/06\/12\/58-liconoclasme-politique-au-xixe-siecle-avec-emmanuel-fureix\/\">L&#8217;iconoclasme politique au XIXe si\u00e8cle<\/a><\/li>\n<li><a href=\"http:\/\/parolesdhistoire.fr\/index.php\/2019\/06\/19\/59-revisiter-la-iiie-republique-avec-mathieu-marly\/\">La IIIe R\u00e9publique revisit\u00e9e*<\/a><\/li>\n<\/ul>\n","protected":false},"excerpt":{"rendered":"<p>Bienvenue sur la page des ressources p\u00e9dagogiques:\u00a0 une liste des \u00e9missions par niveau d\u2019enseignement, pour nourrir des cours, donner des id\u00e9es de lecture, fournir des exemples, faire r\u00e9fl\u00e9chir aux programmes ou aux rapports entre pass\u00e9 et pr\u00e9sent\u2026 Les \u00e9missions marqu\u00e9es d\u2019un (*) ont \u00e9t\u00e9 sp\u00e9cifiquement enregistr\u00e9es pour les enseignant-e-s. Programmes, manuels, enseignement, enjeux civiques L\u2019enseignement &hellip; <a href=\"https:\/\/parolesdhistoire.fr\/index.php\/ressources-pedagogiques\/\" class=\"more-link\">Continue reading<span class=\"screen-reader-text\"> &#8220;Ressources p\u00e9dagogiques&#8221;<\/span><\/a><\/p>\n","protected":false},"author":1,"featured_media":0,"parent":0,"menu_order":0,"comment_status":"closed","ping_status":"closed","template":"","meta":{"footnotes":""},"class_list":["post-574","page","type-page","status-publish","hentry"],"_links":{"self":[{"href":"https:\/\/parolesdhistoire.fr\/index.php\/wp-json\/wp\/v2\/pages\/574","targetHints":{"allow":["GET"]}}],"collection":[{"href":"https:\/\/parolesdhistoire.fr\/index.php\/wp-json\/wp\/v2\/pages"}],"about":[{"href":"https:\/\/parolesdhistoire.fr\/index.php\/wp-json\/wp\/v2\/types\/page"}],"author":[{"embeddable":true,"href":"https:\/\/parolesdhistoire.fr\/index.php\/wp-json\/wp\/v2\/users\/1"}],"replies":[{"embeddable":true,"href":"https:\/\/parolesdhistoire.fr\/index.php\/wp-json\/wp\/v2\/comments?post=574"}],"version-history":[{"count":10,"href":"https:\/\/parolesdhistoire.fr\/index.php\/wp-json\/wp\/v2\/pages\/574\/revisions"}],"predecessor-version":[{"id":2942,"href":"https:\/\/parolesdhistoire.fr\/index.php\/wp-json\/wp\/v2\/pages\/574\/revisions\/2942"}],"wp:attachment":[{"href":"https:\/\/parolesdhistoire.fr\/index.php\/wp-json\/wp\/v2\/media?parent=574"}],"curies":[{"name":"wp","href":"https:\/\/api.w.org\/{rel}","templated":true}]}}